{"id":192,"date":"2024-05-05T19:03:39","date_gmt":"2024-05-05T19:03:39","guid":{"rendered":"https:\/\/arbaolive.com\/gsse\/?post_type=product&#038;p=192"},"modified":"2024-05-05T19:05:23","modified_gmt":"2024-05-05T19:05:23","slug":"nfxi-tdiff","status":"publish","type":"product","link":"https:\/\/arbaolive.com\/gsse\/produit\/nfxi-tdiff\/","title":{"rendered":"D\u00e9tecteurs analogiques adressables: NFX(I)-TDIFF"},"content":{"rendered":"<p>La technologie \u00e0 large bande IR&#x2122; La technologie infrarouge utilisant des capteurs quantiques \u00e0 semi-conducteurs \u00e0 haute vitesse permet la d\u00e9tection de tous les types d&#8217;incendies, qu&#8217;ils soient ou non li\u00e9s aux hydrocarbures, dans toutes les conditions m\u00e9t\u00e9orologiques. Si le signal du d\u00e9tecteur est bloqu\u00e9 par une vitre de fen\u00eatre ordinaire, les capteurs infrarouges \u00e0 large bande brevet\u00e9s continuent d&#8217;alerter le feu, mais avec une sensibilit\u00e9 r\u00e9duite et un temps de r\u00e9ponse plus lent.<br \/>\nDeux microprocesseurs assurent un haut niveau de fonctionnement \u00e0 s\u00e9curit\u00e9 int\u00e9gr\u00e9e combin\u00e9 \u00e0 des performances rapides et fiables. Le microprocesseur ma\u00eetre effectue un \u00e9chantillonnage num\u00e9rique \u00e0 grande vitesse et des calculs de traitement du signal ; tandis que le microprocesseur esclave traite diverses donn\u00e9es de capteurs, effectue des communications, des autodiagnostics et fournit une polyvalence d&#8217;interface ; et une m\u00e9moire suppl\u00e9mentaire pour stocker le journal des \u00e9v\u00e9nements et les donn\u00e9es FirePic&#x2122;.<br \/>\nLa famille de d\u00e9tecteurs Honeywell Fire Sentry FSX est dot\u00e9e de notre syst\u00e8me brevet\u00e9* de stockage de donn\u00e9es et de recherche d&#8217;informations FirePic. FirePic&#x2122; enregistre les donn\u00e9es ant\u00e9rieures \u00e0 l&#8217;incendie, qui peuvent \u00eatre r\u00e9cup\u00e9r\u00e9es dans la m\u00e9moire flash non volatile du d\u00e9tecteur pour une analyse post\u00e9rieure \u00e0 l&#8217;incendie et une postulation de la cause de l&#8217;incendie. De plus, un graphique en temps r\u00e9el unique (RTG&#x2122;) permet de visualiser les donn\u00e9es que le d\u00e9tecteur voit r\u00e9ellement. Une combinaison de sorties fait du Fire Sentry FS24X un d\u00e9tecteur vraiment polyvalent pour les exigences industrielles actuelles.<br \/>\nLe d\u00e9tecteur de flammes FS24X de Honeywell Fire Sentry a une port\u00e9e de d\u00e9tection sup\u00e9rieure \u00e0 200 pieds (r\u00e9glage de sensibilit\u00e9 tr\u00e8s \u00e9lev\u00e9) pour la d\u00e9tection d&#8217;un feu de r\u00e9f\u00e9rence d&#8217;un pied carr\u00e9 d&#8217;heptane et poss\u00e8de un c\u00f4ne de vision dont la couverture volum\u00e9trique est bien sup\u00e9rieure \u00e0 celle de tout autre d\u00e9tecteur IR multispectre. Cela signifie que l&#8217;on peut utiliser moins de d\u00e9tecteurs que ceux d&#8217;autres fabricants.<\/p>\n","protected":false},"excerpt":{"rendered":"<p>Le NFX(I)-TDIFF est le d\u00e9tecteur thermov\u00e9locim\u00e9trique 10\u00b0C\/min + fixe 58\u00b0C) issu de la s\u00e9rie de d\u00e9tecteurs analogiques adressables OPAL. Cette gamme est la derni\u00e8re \u00e9volution de d\u00e9tecteurs analogiques adressables de Notifier by Honeywell. Bas\u00e9e sur un protocol digital, la s\u00e9rie OPAL offre \u00e9norm\u00e9ment d&#8217;avantage et de fonctions suppl\u00e9mentaires. Le d\u00e9tecteur peut \u00eatre test\u00e9 \u00e0 l&#8217;aide d&#8217;un aimant. La signalisation de l&#8217;\u00e9tat du d\u00e9tecteur est assur\u00e9e par 2 led&#8217;s qui permettent une visualisation sur un angle de 360\u00b0. L&#8217;adressage du d\u00e9tecteur est assur\u00e9 par 2 roues codeuses plac\u00e9es sur la face arri\u00e8re du detecteur. La version &#8220;I&#8221; int\u00e8gre un isolateur de court-circuit. Le NFXI-TDIFF est certifi\u00e9 selon EN54-5 et EN54-17.<\/p>\n","protected":false},"featured_media":193,"template":"","meta":{"_acf_changed":false,"_siteseo_robots_primary_cat":"none"},"product_cat":[41],"product_tag":[45],"class_list":{"0":"post-192","1":"product","2":"type-product","3":"status-publish","4":"has-post-thumbnail","6":"product_cat-detection-incendie","7":"product_tag-notifire","9":"first","10":"instock","11":"shipping-taxable","12":"product-type-simple"},"acf":[],"_links":{"self":[{"href":"https:\/\/arbaolive.com\/gsse\/wp-json\/wp\/v2\/product\/192","targetHints":{"allow":["GET"]}}],"collection":[{"href":"https:\/\/arbaolive.com\/gsse\/wp-json\/wp\/v2\/product"}],"about":[{"href":"https:\/\/arbaolive.com\/gsse\/wp-json\/wp\/v2\/types\/product"}],"wp:featuredmedia":[{"embeddable":true,"href":"https:\/\/arbaolive.com\/gsse\/wp-json\/wp\/v2\/media\/193"}],"wp:attachment":[{"href":"https:\/\/arbaolive.com\/gsse\/wp-json\/wp\/v2\/media?parent=192"}],"wp:term":[{"taxonomy":"product_cat","embeddable":true,"href":"https:\/\/arbaolive.com\/gsse\/wp-json\/wp\/v2\/product_cat?post=192"},{"taxonomy":"product_tag","embeddable":true,"href":"https:\/\/arbaolive.com\/gsse\/wp-json\/wp\/v2\/product_tag?post=192"}],"curies":[{"name":"wp","href":"https:\/\/api.w.org\/{rel}","templated":true}]}}