{"id":196,"date":"2024-05-05T19:11:03","date_gmt":"2024-05-05T19:11:03","guid":{"rendered":"https:\/\/arbaolive.com\/gsse\/?post_type=product&#038;p=196"},"modified":"2024-05-05T19:12:49","modified_gmt":"2024-05-05T19:12:49","slug":"centrale-de-desenfumage-1-ligne-1-groupe-3a-avec-bouton","status":"publish","type":"product","link":"https:\/\/arbaolive.com\/gsse\/produit\/centrale-de-desenfumage-1-ligne-1-groupe-3a-avec-bouton\/","title":{"rendered":"Centrale de desenfumage 1 ligne 1 groupe 3A avec bouton"},"content":{"rendered":"","protected":false},"excerpt":{"rendered":"<h6>RZN4402-K &#8211; Centrale de D\u00e9senfumage avec Bouton de Commande Int\u00e9gr\u00e9 24VDC\/3A, 1 Ligne, 1 Groupe Boitier M\u00e9tallique D+H<\/h6>\n<p>La centrale de d\u00e9senfumage RZN 4503-T a \u00e9t\u00e9 con\u00e7ue en particulier pour un usage dans des petites sections de b\u00e2timent comme par exemple les cages d&#8217;escaliers.<br \/>\nLe contr\u00f4le principale et le bouton de commande sont d\u00e9j\u00e0 int\u00e9gr\u00e9s dans la centrale. La centrale offre un confort d&#8217;utilisation et un \u00e9quipement complet en standard.<br \/>\nUn temporisateur int\u00e9gr\u00e9 pour la surveillance de la fr\u00e9quence des maintenances, de nombreuses possibilit\u00e9s de connexions en cas d&#8217;alarme ou de d\u00e9faut, des fonctions ajustables comme une temporisation pour le syst\u00e8me de ventilation ou un dispositif de fin de course font partie de l&#8217;\u00e9quipement standard ainsi que des indicateurs de diagnostic et de d\u00e9faut interne.<\/p>\n","protected":false},"featured_media":197,"template":"","meta":{"_acf_changed":false,"_siteseo_robots_primary_cat":"none"},"product_cat":[47],"product_tag":[],"class_list":{"0":"post-196","1":"product","2":"type-product","3":"status-publish","4":"has-post-thumbnail","6":"product_cat-desenfumage","8":"first","9":"instock","10":"shipping-taxable","11":"product-type-simple"},"acf":[],"_links":{"self":[{"href":"https:\/\/arbaolive.com\/gsse\/wp-json\/wp\/v2\/product\/196","targetHints":{"allow":["GET"]}}],"collection":[{"href":"https:\/\/arbaolive.com\/gsse\/wp-json\/wp\/v2\/product"}],"about":[{"href":"https:\/\/arbaolive.com\/gsse\/wp-json\/wp\/v2\/types\/product"}],"wp:featuredmedia":[{"embeddable":true,"href":"https:\/\/arbaolive.com\/gsse\/wp-json\/wp\/v2\/media\/197"}],"wp:attachment":[{"href":"https:\/\/arbaolive.com\/gsse\/wp-json\/wp\/v2\/media?parent=196"}],"wp:term":[{"taxonomy":"product_cat","embeddable":true,"href":"https:\/\/arbaolive.com\/gsse\/wp-json\/wp\/v2\/product_cat?post=196"},{"taxonomy":"product_tag","embeddable":true,"href":"https:\/\/arbaolive.com\/gsse\/wp-json\/wp\/v2\/product_tag?post=196"}],"curies":[{"name":"wp","href":"https:\/\/api.w.org\/{rel}","templated":true}]}}